{"id":227,"date":"2022-03-06T17:59:22","date_gmt":"2022-03-06T17:59:22","guid":{"rendered":"https:\/\/www.die-entscheidungsfinder.de\/?page_id=227"},"modified":"2022-03-16T07:14:55","modified_gmt":"2022-03-16T07:14:55","slug":"impressum-duplicate-177","status":"publish","type":"page","link":"https:\/\/www.die-entscheidungsfinder.de\/?page_id=227","title":{"rendered":"Allgemeine Gesch\u00e4ftsbedingungen"},"content":{"rendered":"<p>Die nachstehenden AGB enthalten zugleich gesetzliche Informationen zu Ihren Rechten nach den Vorschriften \u00fcber Vertr\u00e4ge im Fernabsatz und im elektronischen Gesch\u00e4ftsverkehr.<\/p>\n<ol>\n<li><strong>Geltungsbereich und Vertragspartner<\/strong><\/li>\n<\/ol>\n<p>Diese Allgemeinen Gesch\u00e4ftsbedingungen gelten f\u00fcr alle Beratungen und Coachings die auf der Plattform <a href=\"http:\/\/www.Die-Entscheidungsfinder.de\">www.Die-Entscheidungsfinder.de<\/a> gekauft werden.<\/p>\n<p>Die Plattform wird betrieben von:<br \/>\nAva Hauser advice + experience (Anbieter)<br \/>\nZeppelinstr. 69, D-73430 Aalen<br \/>\nTelefon +49 7361 5559296<br \/>\neMail <a href=\"mailto:mail@ava-hauser.com\">mail@ava-hauser.com<\/a><\/p>\n<p>UmsatzsteuerId DE221370177<\/p>\n<p>Kunde ist jede nat\u00fcrliche Person, die auf der Plattform eine Onlineberatung bucht.<\/p>\n<ol start=\"2\">\n<li><strong>Vertragsschluss<\/strong><\/li>\n<\/ol>\n<p>Der Kunde w\u00e4hlt auf der Website seinen Wunschtermin im Onlinekalender durch Klick auf die gew\u00fcnschte Uhrzeit am ausgew\u00e4hlten Tag (verbindliches Angebot).<\/p>\n<p>Er ist verpflichtet, im Onlineformular Name, Mailadresse und Telefonnummer anzugeben, sowie sein Problem m\u00f6glichst klar zu beschreiben.<\/p>\n<p>Das Akzeptieren der Allgemeinen Gesch\u00e4ftsbedingungen ist Voraussetzung f\u00fcr den Kauf und die Zahlungsabwicklung. Die AGB sind auf der Website im Buchungsformular und im sogenannten Footer hinterlegt.<\/p>\n<p>Durch Anklicken des Buttons &#8222;Termin w\u00e4hlen&#8220; \u00f6ffnet der Kunde die Seite mit der Zahlungsabwicklung. Dort w\u00e4hlt der Kunde eine Zahlungsart (Kreditkarte, Paypal, Applepay).<\/p>\n<p>Mit Klick auf den Button \u201eVerbindlich buchen\u201c kommt der Kauf zustande (Annahme des Angebots).<\/p>\n<p>Der Termin kann bis 24 Stunden vorher storniert oder umgebucht werden.<\/p>\n<ol start=\"3\">\n<li><strong>Preise<\/strong><\/li>\n<\/ol>\n<p>F\u00fcr die gebuchte Onlineberatung von 25 Minuten werden 39 Euro inklusive Mehrwertsteuer berechnet. Die Zahlung wird auf dem im Buchungsverfahren gew\u00e4hlten Weg per Vorkasse eingezogen.<\/p>\n<ol start=\"4\">\n<li><strong>Dienstvertrag<\/strong><\/li>\n<\/ol>\n<p>Der zwischen Anbieter und Kunde abgeschlossene Vertrag ist ein Dienstvertrag. Gegenstand des Vertrages ist daher die Erbringung der vereinbarten Leistungen, nicht die Herbeif\u00fchrung eines bestimmten Erfolges. Insbesondere schuldet der Anbieter und seine Erf\u00fcllungsgehilfen nicht ein bestimmtes Ergebnis. Ihre Stellungnahmen und Empfehlungen bereiten die Entscheidung des Kunden vor. Sie k\u00f6nnen sie in keinem Fall ersetzen.<\/p>\n<ul>\n<li>Inhalt der Onlineberatung<\/li>\n<\/ul>\n<p>Dienstleistung ist die 25-min\u00fctige Beratung in einem Entscheidungsprozess, indem Optionen beleuchtet, Zweifel gekl\u00e4rt und Fragen er\u00f6rtert werden. Die Beratung ist eine reine Hilfestellung durch die Perspektive eines neutralen Dritten und mithilfe von Coaching. Der Kunde erh\u00e4lt die M\u00f6glichkeit verschiedene Optionen mittels eines kinesiologischen Tests f\u00fcr sich intuitiv zu bewerten.<\/p>\n<p>Der Kunde verpflichtet sich, nach Buchung vor dem Entscheidungscoaching per eMail sein Entscheidungsthema so klar wie m\u00f6glich darzustellen. Es werden nur die dort und in der Beratung vom Kunden angesprochenen Fragen er\u00f6rtert. Die Gew\u00e4hr f\u00fcr ihre sachliche Richtigkeit und f\u00fcr ihre Vollst\u00e4ndigkeit liegt beim Kunden. Ein Recht auf Nachbesserung &#8211; falls der Kunde nach erfolgter Beratung noch offene Punkte kl\u00e4ren m\u00f6chte \u2013 ist daher ausgeschlossen.<\/p>\n<p>Der Kunde kann jederzeit weitere Beratungstermine buchen.<\/p>\n<ul>\n<li>Technische Voraussetzungen f\u00fcr die Leistungserbringung<\/li>\n<\/ul>\n<p>Die Beratung erfolgt in der Regel durch eine Videokonferenz. Der Kunde ben\u00f6tigt daf\u00fcr eine stabile Internet-Verbindung, eine Webcam und ein Mikrofon. Empfohlen wird eine ruhige, ungest\u00f6rte Umgebung f\u00fcr die Dauer der Beratung.<\/p>\n<p>Bei technischen Schwierigkeiten oder auf ausdr\u00fccklichen Wunsch des Kunden ist auch eine telefonische Beratung m\u00f6glich. Der Kunde nimmt zur Kenntnis, dass der volle Umfang der zur Verf\u00fcgung stehenden Coachingwerkzeuge nur in einer Videokonferenz nutzbar ist, da gewisse Techniken Sicht auf die Reaktionen des Kunden voraussetzen.<\/p>\n<ul>\n<li>Kulanzregelung bei technischen St\u00f6rungen<\/li>\n<\/ul>\n<p>Sollten technische St\u00f6rungen seitens des Anbieters die Beratung nicht erm\u00f6glichen oder einen Abbruch erzwingen, wird kulanzhalber eine weitere volle Beratung von 25 Minuten zu einem anderen Zeitpunkt angeboten.<\/p>\n<ul>\n<li>Zeitpunkt der Leistungserbringung<\/li>\n<\/ul>\n<p>Der Kunde beauftragt den Anbieter die Dienstleistung am gew\u00e4hlten und per Vorkasse beglichenen Wunschtermin vollst\u00e4ndig zu erbringen.<\/p>\n<ol start=\"5\">\n<li><strong>Haftung <\/strong><\/li>\n<\/ol>\n<p>Eine etwaige Entscheidung wird alleinverantwortlich mit allen Konsequenzen vom Kunden getroffen. Weder der Anbieter der Plattform noch der beratende Coach \u00fcbernimmt eine Haftung f\u00fcr Entscheidungen des Kunden und daraus resultierende Folgen.<\/p>\n<p>Der Kunde stimmt mit der Buchung eines kostenpflichtigen Termins diesem Haftungsausschluss ausdr\u00fccklich zu.<\/p>\n<ol start=\"6\">\n<li><strong>Vertraulichkeit<\/strong><\/li>\n<\/ol>\n<p>Der Anbieter und seine Erf\u00fcllungsgehilfen verpflichten sich, \u00fcber alle im Rahmen der T\u00e4tigkeit bekannt gewordenen privaten, und gesch\u00e4ftlichen \u00a0Angelegenheiten des Kunden auch nach der Beendigung des Dienstvertrages Stillschweigen gegen\u00fcber Dritten zu bewahren.<\/p>\n<ol start=\"7\">\n<li><strong>Widerrufsrecht<\/strong><\/li>\n<\/ol>\n<p>Der Kunde hat ein vierzehnt\u00e4giges Widerrufsrecht.<\/p>\n<p><strong>Widerrufsbelehrung<\/strong><\/p>\n<p>Sie haben das Recht, binnen vierzehn Tagen ohne Angabe von Gr\u00fcnden diesen Vertrag zu widerrufen. Die Widerrufsfrist betr\u00e4gt vierzehn Tage ab dem Tag des Vertragsabschlusses.<\/p>\n<p>Um Ihr Widerrufsrecht auszu\u00fcben, m\u00fcssen Sie der<\/p>\n<p>Ava Hauser advice + experience<br \/>\nZeppelinstr. 69, D-73430 Aalen<br \/>\nTelefon +49 7361 5559296<br \/>\neMail <a href=\"mailto:mail@ava-hauser.com\">mail@ava-hauser.com<\/a><\/p>\n<p>mittels einer eindeutigen Erkl\u00e4rung per Postbrief oder Mail \u00fcber Ihren Entschluss, diesen Vertrag zu widerrufen, informieren.<\/p>\n<p>Zur Wahrung der Widerrufsfrist reicht es aus, dass Sie die Mitteilung \u00fcber die Aus\u00fcbung des Widerrufsrechts vor Ablauf der Widerrufsfrist absenden.<\/p>\n<p><strong>Folgen des Widerrufs<\/strong><\/p>\n<p>Wenn Sie diesen Vertrag widerrufen, haben wir Ihnen alle Zahlungen, die wir von Ihnen erhalten haben unverz\u00fcglich und sp\u00e4testens binnen vierzehn Tagen ab dem Tag zur\u00fcckzuzahlen, an dem die Mitteilung \u00fcber Ihren Widerruf dieses Vertrags bei uns eingegangen ist. F\u00fcr diese R\u00fcckzahlung verwenden wir dasselbe Zahlungsmittel, das Sie bei der urspr\u00fcnglichen Transaktion eingesetzt haben, es sei denn, mit Ihnen wurde ausdr\u00fccklich etwas anderes vereinbart; in keinem Fall werden Ihnen wegen dieser R\u00fcckzahlung Entgelte berechnet.<\/p>\n<p><strong>Ende der Widerrufsbelehrung<\/strong><\/p>\n<p><strong>Besondere Hinweise:<\/strong><\/p>\n<p>Ihr Widerrufsrecht erlischt, sobald die Beratungsleistung vollst\u00e4ndig erbracht wurde und der Kunde mit Akzeptieren dieser AGB im Kaufvorgang seine Kenntnis dar\u00fcber best\u00e4tigt hat, dass das Widerrufsrecht nach vollst\u00e4ndiger Vertragserf\u00fcllung erlischt.<\/p>\n<ol start=\"8\">\n<li><strong>Weitere Gesch\u00e4ftsbedingungen<\/strong><\/li>\n<\/ol>\n<p>Der Kalenderanbieter SimplyBook.me ist Dienstleister f\u00fcr die Organisation der Buchungstermine. Seine AGBs sind Bestandteil der Allgemeinen Gesch\u00e4ftsbedingungen von www.die-entscheidungsfinder.de, f\u00fcr <a href=\"https:\/\/simplybook.me\/de\/terms-and-conditions#tab-for-clients\">Details bitte hier klicken<\/a>.<\/p>\n","protected":false},"excerpt":{"rendered":"<p>Die nachstehenden AGB enthalten zugleich gesetzliche Informationen zu Ihren Rechten nach den Vorschriften \u00fcber Vertr\u00e4ge im Fernabsatz und im elektronischen Gesch\u00e4ftsverkehr. Geltungsbereich und Vertragspartner Diese Allgemeinen Gesch\u00e4ftsbedingungen gelten f\u00fcr alle Beratungen und Coachings die auf der Plattform www.Die-Entscheidungsfinder.de gekauft werden. Die Plattform wird betrieben von: Ava Hauser advice + experience (Anbieter) Zeppelinstr. 69, D-73430 Aalen<\/p>\n<div><a class=\"btn-filled btn\" href=\"https:\/\/www.die-entscheidungsfinder.de\/?page_id=227\" title=\"Allgemeine Gesch\u00e4ftsbedingungen\">Weiterlesen<\/a><\/div>\n","protected":false},"author":1,"featured_media":0,"parent":0,"menu_order":0,"comment_status":"closed","ping_status":"closed","template":"page-templates\/no-sidebar.php","meta":[],"_links":{"self":[{"href":"https:\/\/www.die-entscheidungsfinder.de\/index.php?rest_route=\/wp\/v2\/pages\/227"}],"collection":[{"href":"https:\/\/www.die-entscheidungsfinder.de\/index.php?rest_route=\/wp\/v2\/pages"}],"about":[{"href":"https:\/\/www.die-entscheidungsfinder.de\/index.php?rest_route=\/wp\/v2\/types\/page"}],"author":[{"embeddable":true,"href":"https:\/\/www.die-entscheidungsfinder.de\/index.php?rest_route=\/wp\/v2\/users\/1"}],"replies":[{"embeddable":true,"href":"https:\/\/www.die-entscheidungsfinder.de\/index.php?rest_route=%2Fwp%2Fv2%2Fcomments&post=227"}],"version-history":[{"count":12,"href":"https:\/\/www.die-entscheidungsfinder.de\/index.php?rest_route=\/wp\/v2\/pages\/227\/revisions"}],"predecessor-version":[{"id":285,"href":"https:\/\/www.die-entscheidungsfinder.de\/index.php?rest_route=\/wp\/v2\/pages\/227\/revisions\/285"}],"wp:attachment":[{"href":"https:\/\/www.die-entscheidungsfinder.de\/index.php?rest_route=%2Fwp%2Fv2%2Fmedia&parent=227"}],"curies":[{"name":"wp","href":"https:\/\/api.w.org\/{rel}","templated":true}]}}